{"id":814,"date":"2021-01-10T18:23:18","date_gmt":"2021-01-10T18:23:18","guid":{"rendered":"http:\/\/logopaedie-am-sonnenhang.de\/?page_id=814"},"modified":"2021-07-23T09:31:32","modified_gmt":"2021-07-23T09:31:32","slug":"team","status":"publish","type":"page","link":"https:\/\/logopaedie-am-sonnenhang.de\/?page_id=814","title":{"rendered":"Ich"},"content":{"rendered":"\n<p><\/p>\n\n\n\n<p class=\"has-black-color has-text-color has-medium-font-size\"><strong>&nbsp;<\/strong><\/p>\n\n\n\n<div class=\"wp-block-media-text alignwide is-stacked-on-mobile is-image-fill\"><figure class=\"wp-block-media-text__media\" style=\"background-image:url(https:\/\/logopaedie-am-sonnenhang.de\/wp-content\/uploads\/2020\/09\/cropped-CORINNA-bENTELE-2-e1610403317649.jpg);background-position:80% 33%\"><img loading=\"lazy\" decoding=\"async\" width=\"765\" height=\"1076\" src=\"https:\/\/logopaedie-am-sonnenhang.de\/wp-content\/uploads\/2020\/09\/cropped-CORINNA-bENTELE-2-e1610403317649.jpg\" alt=\"Logop\u00e4die am Sonnenhang, Logopaedie, Th\u00fcngen, Corinna Bentele 1\" class=\"wp-image-500 size-full\" srcset=\"https:\/\/logopaedie-am-sonnenhang.de\/wp-content\/uploads\/2020\/09\/cropped-CORINNA-bENTELE-2-e1610403317649.jpg 765w, https:\/\/logopaedie-am-sonnenhang.de\/wp-content\/uploads\/2020\/09\/cropped-CORINNA-bENTELE-2-e1610403317649-213x300.jpg 213w, https:\/\/logopaedie-am-sonnenhang.de\/wp-content\/uploads\/2020\/09\/cropped-CORINNA-bENTELE-2-e1610403317649-728x1024.jpg 728w\" sizes=\"auto, (max-width: 765px) 100vw, 765px\" \/><\/figure><div class=\"wp-block-media-text__content\">\n<h2 class=\"has-black-color has-text-color wp-block-heading\">CORINNA BENTELE <\/h2>\n\n\n\n<p class=\"has-black-color has-text-color\">staatlich anerkannte Logop\u00e4din<\/p>\n\n\n\n<p>Im Jahr 2009 habe ich meine Ausbildung zur staatlich anerkannten Logop\u00e4din erfolgreich abgeschlossen, anschlie\u00dfend habe ich als Angestellte in Marktheidenfeld und Karlstadt gearbeitet. Von 2012 bis 2017 habe ich bereits meine eigene<br>Praxis gegr\u00fcndet, die ich nun im September 2020, nach 3 Jahren Elternzeit in Th\u00fcngen wiederer\u00f6ffnet habe. Ich behandle Kinder und Erwachsene mit Auff\u00e4lligkeiten im Sprechen, der Sprache, der Stimme und dem Schlucken.<\/p>\n\n\n\n<p>Um meine Behandlung m\u00f6glichst individuell auf den Patienten abstimmen zu k\u00f6nnen, habe ich umfangreiche Fortbildungen besucht, die ich nachfolgend vorstellen m\u00f6chte:<\/p>\n<\/div><\/div>\n\n\n\n<div style=\"height:100px\" aria-hidden=\"true\" class=\"wp-block-spacer\"><\/div>\n\n\n\n<h2 class=\"has-black-color has-text-color has-medium-font-size wp-block-heading\">Long Covid<\/h2>\n\n\n\n<p class=\"has-medium-font-size\">Patienten mit Long Covid in der logop\u00e4dischen Praxis. Nach Cordula Winterholler<\/p>\n\n\n\n<p><\/p>\n\n\n\n<div class=\"wp-block-columns is-layout-flex wp-container-core-columns-is-layout-9d6595d7 wp-block-columns-is-layout-flex\">\n<div class=\"wp-block-column is-layout-flow wp-block-column-is-layout-flow\" style=\"flex-basis:50%\">\n<p class=\"has-black-color has-text-color has-medium-font-size\">Funktionelle Dysphagie Therapie<\/p>\n\n\n\n<p class=\"has-medium-font-size\">Schlucktherapie bei neurologischen Erkrankungen in der Geriartrie, Neurologie und freien Praxis. Grundkurs und Aufbauseminar nach Ulrike Horn-Rudolph.<\/p>\n<\/div>\n\n\n\n<div class=\"wp-block-column is-layout-flow wp-block-column-is-layout-flow\" style=\"flex-basis:50%\">\n<figure class=\"wp-block-image size-medium is-resized is-style-default\"><img loading=\"lazy\" decoding=\"async\" src=\"https:\/\/logopaedie-am-sonnenhang.de\/wp-content\/uploads\/2020\/06\/cropped-Unbenannt-1-1-212x300.jpg\" alt=\"\" class=\"wp-image-311\" width=\"124\" height=\"176\" srcset=\"https:\/\/logopaedie-am-sonnenhang.de\/wp-content\/uploads\/2020\/06\/cropped-Unbenannt-1-1-212x300.jpg 212w, https:\/\/logopaedie-am-sonnenhang.de\/wp-content\/uploads\/2020\/06\/cropped-Unbenannt-1-1-723x1024.jpg 723w, https:\/\/logopaedie-am-sonnenhang.de\/wp-content\/uploads\/2020\/06\/cropped-Unbenannt-1-1-768x1088.jpg 768w, https:\/\/logopaedie-am-sonnenhang.de\/wp-content\/uploads\/2020\/06\/cropped-Unbenannt-1-1.jpg 796w\" sizes=\"auto, (max-width: 124px) 100vw, 124px\" \/><\/figure>\n\n\n\n<p><\/p>\n<\/div>\n<\/div>\n\n\n\n<div class=\"wp-block-columns is-layout-flex wp-container-core-columns-is-layout-9d6595d7 wp-block-columns-is-layout-flex\">\n<div class=\"wp-block-column is-layout-flow wp-block-column-is-layout-flow\" style=\"flex-basis:33.33%\">\n<figure class=\"wp-block-image size-medium is-resized\"><img loading=\"lazy\" decoding=\"async\" src=\"https:\/\/logopaedie-am-sonnenhang.de\/wp-content\/uploads\/2020\/06\/cropped-Unbenannt-1-1-212x300.jpg\" alt=\"\" class=\"wp-image-311\" width=\"101\" height=\"143\" srcset=\"https:\/\/logopaedie-am-sonnenhang.de\/wp-content\/uploads\/2020\/06\/cropped-Unbenannt-1-1-212x300.jpg 212w, https:\/\/logopaedie-am-sonnenhang.de\/wp-content\/uploads\/2020\/06\/cropped-Unbenannt-1-1-723x1024.jpg 723w, https:\/\/logopaedie-am-sonnenhang.de\/wp-content\/uploads\/2020\/06\/cropped-Unbenannt-1-1-768x1088.jpg 768w, https:\/\/logopaedie-am-sonnenhang.de\/wp-content\/uploads\/2020\/06\/cropped-Unbenannt-1-1.jpg 796w\" sizes=\"auto, (max-width: 101px) 100vw, 101px\" \/><\/figure>\n<\/div>\n\n\n\n<div class=\"wp-block-column is-layout-flow wp-block-column-is-layout-flow\" style=\"flex-basis:66.66%\">\n<p class=\"has-black-color has-text-color has-medium-font-size\">Taktkin- bei Dyspraxien <\/p>\n\n\n\n<p class=\"has-medium-font-size\">ein Ansatz zur Behandlung sprechmotorischer St\u00f6rungen wie Dyspraxien, Apraxien und verbaler Entwicklungsdyspraxien bei Beate Birner-Janusch.<\/p>\n\n\n\n<p><\/p>\n<\/div>\n<\/div>\n\n\n\n<p class=\"has-black-color has-text-color has-medium-font-size\">Taktkin- Bei Dyspraxien<\/p>\n\n\n\n<p class=\"has-medium-font-size\">ein Ansatz zur Behandlung sprechmotorischer St\u00f6rungen wie Dyspraxien, Apraxien und verbaler Entwicklungsdyspraxien bei Beate Birner-Janusch.<\/p>\n\n\n\n<p class=\"has-black-color has-text-color has-medium-font-size\">Patholinguistische Therapie&nbsp;<\/p>\n\n\n\n<p class=\"has-medium-font-size\">Zur Behandlung von Kindern mit Wortschatzdefizit, Late-Talkern, Grammatikunsicherheiten.<\/p>\n\n\n\n<div style=\"height:100px\" aria-hidden=\"true\" class=\"wp-block-spacer\"><\/div>\n\n\n\n<div class=\"wp-block-columns is-layout-flex wp-container-core-columns-is-layout-9d6595d7 wp-block-columns-is-layout-flex\">\n<div class=\"wp-block-column is-layout-flow wp-block-column-is-layout-flow\" style=\"flex-basis:33.33%\">\n<figure class=\"wp-block-image size-large is-resized\"><img loading=\"lazy\" decoding=\"async\" src=\"https:\/\/logopaedie-am-sonnenhang.de\/wp-content\/uploads\/2020\/06\/cropped-Unbenannt-1-1-723x1024.jpg\" alt=\"\" class=\"wp-image-311\" width=\"109\" height=\"154\" srcset=\"https:\/\/logopaedie-am-sonnenhang.de\/wp-content\/uploads\/2020\/06\/cropped-Unbenannt-1-1-723x1024.jpg 723w, https:\/\/logopaedie-am-sonnenhang.de\/wp-content\/uploads\/2020\/06\/cropped-Unbenannt-1-1-212x300.jpg 212w, https:\/\/logopaedie-am-sonnenhang.de\/wp-content\/uploads\/2020\/06\/cropped-Unbenannt-1-1-768x1088.jpg 768w, https:\/\/logopaedie-am-sonnenhang.de\/wp-content\/uploads\/2020\/06\/cropped-Unbenannt-1-1.jpg 796w\" sizes=\"auto, (max-width: 109px) 100vw, 109px\" \/><\/figure>\n<\/div>\n\n\n\n<div class=\"wp-block-column is-layout-flow wp-block-column-is-layout-flow\" style=\"flex-basis:66.66%\">\n<p class=\"has-black-color has-text-color has-medium-font-size\">Unterst\u00fctzte Kommunikation<\/p>\n\n\n\n<p class=\"has-medium-font-size\">Anbahnung und Erhalt der Kommunikation durch unterschiedliche Medien und Kommunikationshilfen.<\/p>\n<\/div>\n<\/div>\n\n\n\n<div class=\"wp-block-columns is-layout-flex wp-container-core-columns-is-layout-9d6595d7 wp-block-columns-is-layout-flex\">\n<div class=\"wp-block-column is-layout-flow wp-block-column-is-layout-flow\" style=\"flex-basis:66.66%\">\n<p class=\"has-black-color has-text-color has-medium-font-size\">Sprachreich \u2013 Trainerin<\/p>\n\n\n\n<p class=\"has-medium-font-size\">Zertifiziertes Konzept zur Schulung von Erzieher\/innen zu den Themen Sprachentwicklung, Sprachf\u00f6rderung, Sprachst\u00f6rungen bei einsprachigen und mehrsprachig aufwachsenden Kindern.<\/p>\n<\/div>\n\n\n\n<div class=\"wp-block-column is-layout-flow wp-block-column-is-layout-flow\" style=\"flex-basis:33.33%\">\n<figure class=\"wp-block-image size-large is-resized\"><img loading=\"lazy\" decoding=\"async\" src=\"https:\/\/logopaedie-am-sonnenhang.de\/wp-content\/uploads\/2020\/06\/cropped-Unbenannt-1-2-736x1024.jpg\" alt=\"\" class=\"wp-image-312\" width=\"121\" height=\"168\" srcset=\"https:\/\/logopaedie-am-sonnenhang.de\/wp-content\/uploads\/2020\/06\/cropped-Unbenannt-1-2-736x1024.jpg 736w, https:\/\/logopaedie-am-sonnenhang.de\/wp-content\/uploads\/2020\/06\/cropped-Unbenannt-1-2-216x300.jpg 216w, https:\/\/logopaedie-am-sonnenhang.de\/wp-content\/uploads\/2020\/06\/cropped-Unbenannt-1-2-768x1068.jpg 768w, https:\/\/logopaedie-am-sonnenhang.de\/wp-content\/uploads\/2020\/06\/cropped-Unbenannt-1-2.jpg 796w\" sizes=\"auto, (max-width: 121px) 100vw, 121px\" \/><\/figure>\n<\/div>\n<\/div>\n\n\n\n<p class=\"has-black-color has-text-color has-medium-font-size\">VON LATE TALKERN BIS WORTFINDUNGSST\u00d6RUNGEN<\/p>\n\n\n\n<p class=\"has-medium-font-size\">Wortschatzerwerb, Diagnostiken und Therapie des Wortschatzaufbaus, der Dekontextualisierung, des Verbwortschatzes und die Therapie bei Sprachentwicklungsst\u00f6rungen und Wortfindungsst\u00f6rungen nach Dr. Silke Kruse.<\/p>\n\n\n\n<p class=\"has-black-color has-text-color has-medium-font-size\">Manuelle Stimmtherapie<\/p>\n\n\n\n<p class=\"has-medium-font-size\">Behandlung von Stimmst\u00f6rungen mit manuellen Techniken aus der Physiotherapie nach Gabriele M\u00fcnch.<\/p>\n\n\n\n<div style=\"height:100px\" aria-hidden=\"true\" class=\"wp-block-spacer\"><\/div>\n\n\n\n<div class=\"wp-block-columns is-layout-flex wp-container-core-columns-is-layout-9d6595d7 wp-block-columns-is-layout-flex\">\n<div class=\"wp-block-column is-layout-flow wp-block-column-is-layout-flow\" style=\"flex-basis:33.33%\">\n<figure class=\"wp-block-image size-large is-resized\"><img loading=\"lazy\" decoding=\"async\" src=\"https:\/\/logopaedie-am-sonnenhang.de\/wp-content\/uploads\/2020\/06\/cropped-Unbenannt-1-2-736x1024.jpg\" alt=\"\" class=\"wp-image-312\" width=\"119\" height=\"166\" srcset=\"https:\/\/logopaedie-am-sonnenhang.de\/wp-content\/uploads\/2020\/06\/cropped-Unbenannt-1-2-736x1024.jpg 736w, https:\/\/logopaedie-am-sonnenhang.de\/wp-content\/uploads\/2020\/06\/cropped-Unbenannt-1-2-216x300.jpg 216w, https:\/\/logopaedie-am-sonnenhang.de\/wp-content\/uploads\/2020\/06\/cropped-Unbenannt-1-2-768x1068.jpg 768w, https:\/\/logopaedie-am-sonnenhang.de\/wp-content\/uploads\/2020\/06\/cropped-Unbenannt-1-2.jpg 796w\" sizes=\"auto, (max-width: 119px) 100vw, 119px\" \/><\/figure>\n<\/div>\n\n\n\n<div class=\"wp-block-column is-layout-flow wp-block-column-is-layout-flow\" style=\"flex-basis:66.66%\">\n<p class=\"has-black-color has-text-color has-medium-font-size\">MUND-, ESS- UND TRINKTHERAPIE IM KINDESALTER<\/p>\n\n\n\n<p class=\"has-medium-font-size\">Behandlung von St\u00f6rungen des Ess- und Trinkverhaltens vom S\u00e4ugling bis ins Kleinkindalter nach Susanne Renk.<\/p>\n<\/div>\n<\/div>\n\n\n\n<div class=\"wp-block-columns is-layout-flex wp-container-core-columns-is-layout-9d6595d7 wp-block-columns-is-layout-flex\">\n<div class=\"wp-block-column is-layout-flow wp-block-column-is-layout-flow\" style=\"flex-basis:66.66%\">\n<p class=\"has-black-color has-text-color has-medium-font-size\">K- Taping<\/p>\n\n\n\n<p class=\"has-medium-font-size\">Kinesiotaping in der Logop\u00e4die, zur Unterst\u00fctzung in der Sprech-, Stimm- und Schlucktherapie nach Kumbrink<\/p>\n<\/div>\n\n\n\n<div class=\"wp-block-column is-layout-flow wp-block-column-is-layout-flow\" style=\"flex-basis:33.33%\">\n<figure class=\"wp-block-image size-large is-resized\"><img loading=\"lazy\" decoding=\"async\" src=\"https:\/\/logopaedie-am-sonnenhang.de\/wp-content\/uploads\/2020\/06\/cropped-Unbenannt-1-2-736x1024.jpg\" alt=\"\" class=\"wp-image-312\" width=\"117\" height=\"163\" srcset=\"https:\/\/logopaedie-am-sonnenhang.de\/wp-content\/uploads\/2020\/06\/cropped-Unbenannt-1-2-736x1024.jpg 736w, https:\/\/logopaedie-am-sonnenhang.de\/wp-content\/uploads\/2020\/06\/cropped-Unbenannt-1-2-216x300.jpg 216w, https:\/\/logopaedie-am-sonnenhang.de\/wp-content\/uploads\/2020\/06\/cropped-Unbenannt-1-2-768x1068.jpg 768w, https:\/\/logopaedie-am-sonnenhang.de\/wp-content\/uploads\/2020\/06\/cropped-Unbenannt-1-2.jpg 796w\" sizes=\"auto, (max-width: 117px) 100vw, 117px\" \/><\/figure>\n<\/div>\n<\/div>\n\n\n\n<p class=\"has-black-color has-text-color has-medium-font-size\">NAT\u00dcRLICHER GRAMMATIKERWERB UND DYSGRAMMATISMUS<\/p>\n\n\n\n<p class=\"has-medium-font-size\">Zur Therapie des Dysgrammatismus und zur F\u00f6rderung der Sprache nach Silke Kruse<br><br><\/p>\n\n\n\n<p class=\"has-black-color has-text-color has-medium-font-size\">Therapie mit CI-Tr\u00e4gern von 4 Monaten \u2013 92 Jahren<\/p>\n\n\n\n<p class=\"has-medium-font-size\">Zur Behandlung von H\u00f6rst\u00f6rungen oder zur Unterst\u00fctzung des Sprachaufbaus bei Kindern und Erwachsenen mit Cochlea Implantat nach&nbsp;&nbsp;Kaiser\/Kr\u00f6ger<\/p>\n\n\n\n<div style=\"height:100px\" aria-hidden=\"true\" class=\"wp-block-spacer\"><\/div>\n\n\n\n<div class=\"wp-block-columns is-layout-flex wp-container-core-columns-is-layout-9d6595d7 wp-block-columns-is-layout-flex\">\n<div class=\"wp-block-column is-layout-flow wp-block-column-is-layout-flow\" style=\"flex-basis:33.33%\">\n<figure class=\"wp-block-image size-large is-resized\"><img loading=\"lazy\" decoding=\"async\" src=\"https:\/\/logopaedie-am-sonnenhang.de\/wp-content\/uploads\/2020\/06\/cropped-Unbenannt-1-2-736x1024.jpg\" alt=\"\" class=\"wp-image-312\" width=\"129\" height=\"180\" srcset=\"https:\/\/logopaedie-am-sonnenhang.de\/wp-content\/uploads\/2020\/06\/cropped-Unbenannt-1-2-736x1024.jpg 736w, https:\/\/logopaedie-am-sonnenhang.de\/wp-content\/uploads\/2020\/06\/cropped-Unbenannt-1-2-216x300.jpg 216w, https:\/\/logopaedie-am-sonnenhang.de\/wp-content\/uploads\/2020\/06\/cropped-Unbenannt-1-2-768x1068.jpg 768w, https:\/\/logopaedie-am-sonnenhang.de\/wp-content\/uploads\/2020\/06\/cropped-Unbenannt-1-2.jpg 796w\" sizes=\"auto, (max-width: 129px) 100vw, 129px\" \/><\/figure>\n<\/div>\n\n\n\n<div class=\"wp-block-column is-layout-flow wp-block-column-is-layout-flow\" style=\"flex-basis:66.66%\">\n<p class=\"has-black-color has-text-color has-medium-font-size\">Mini- und Schul-KIDS: Direkte Therapie mit stotternden Kindern<\/p>\n\n\n\n<p class=\"has-medium-font-size\">Dieses Konzept setzt direkt an den Stottersymptomen an und zeigt eine fl\u00fcssigere M\u00f6glichkeit des Sprechens, nach Sandrieser\/Schneider<\/p>\n<\/div>\n<\/div>\n\n\n\n<div style=\"height:100px\" aria-hidden=\"true\" class=\"wp-block-spacer\"><\/div>\n\n\n\n<p class=\"has-black-color has-text-color has-medium-font-size\">Osteopathische Techniken in der Stimmtherapie<\/p>\n\n\n\n<p class=\"has-medium-font-size\">zur Behandlung von Stimmst\u00f6rung, Atemst\u00f6rungen und Kiefergelenksst\u00f6rungen durch osteopathische Techniken<br><\/p>\n","protected":false},"excerpt":{"rendered":"<p>&nbsp; CORINNA BENTELE staatlich anerkannte Logop\u00e4din Im Jahr 2009 habe ich meine Ausbildung zur staatlich anerkannten Logop\u00e4din erfolgreich abgeschlossen, anschlie\u00dfend habe ich als Angestellte in Marktheidenfeld und Karlstadt gearbeitet. Von 2012 bis 2017 habe ich bereits meine eigenePraxis gegr\u00fcndet, die<\/p>\n","protected":false},"author":1,"featured_media":0,"parent":0,"menu_order":0,"comment_status":"closed","ping_status":"closed","template":"","meta":{"footnotes":""},"class_list":["post-814","page","type-page","status-publish","hentry"],"_links":{"self":[{"href":"https:\/\/logopaedie-am-sonnenhang.de\/index.php?rest_route=\/wp\/v2\/pages\/814","targetHints":{"allow":["GET"]}}],"collection":[{"href":"https:\/\/logopaedie-am-sonnenhang.de\/index.php?rest_route=\/wp\/v2\/pages"}],"about":[{"href":"https:\/\/logopaedie-am-sonnenhang.de\/index.php?rest_route=\/wp\/v2\/types\/page"}],"author":[{"embeddable":true,"href":"https:\/\/logopaedie-am-sonnenhang.de\/index.php?rest_route=\/wp\/v2\/users\/1"}],"replies":[{"embeddable":true,"href":"https:\/\/logopaedie-am-sonnenhang.de\/index.php?rest_route=%2Fwp%2Fv2%2Fcomments&post=814"}],"version-history":[{"count":22,"href":"https:\/\/logopaedie-am-sonnenhang.de\/index.php?rest_route=\/wp\/v2\/pages\/814\/revisions"}],"predecessor-version":[{"id":1047,"href":"https:\/\/logopaedie-am-sonnenhang.de\/index.php?rest_route=\/wp\/v2\/pages\/814\/revisions\/1047"}],"wp:attachment":[{"href":"https:\/\/logopaedie-am-sonnenhang.de\/index.php?rest_route=%2Fwp%2Fv2%2Fmedia&parent=814"}],"curies":[{"name":"wp","href":"https:\/\/api.w.org\/{rel}","templated":true}]}}