{"id":723,"date":"2021-01-08T20:42:08","date_gmt":"2021-01-08T20:42:08","guid":{"rendered":"http:\/\/logopaedie-am-sonnenhang.de\/?page_id=723"},"modified":"2021-11-02T11:43:32","modified_gmt":"2021-11-02T11:43:32","slug":"bei-erwachsenen","status":"publish","type":"page","link":"https:\/\/logopaedie-am-sonnenhang.de\/?page_id=723","title":{"rendered":"Behandlungsfelder bei Erwachsenen"},"content":{"rendered":"\n<div class=\"wp-block-media-text alignwide is-stacked-on-mobile\"><figure class=\"wp-block-media-text__media\"><img loading=\"lazy\" decoding=\"async\" width=\"1024\" height=\"768\" src=\"https:\/\/logopaedie-am-sonnenhang.de\/wp-content\/uploads\/2021\/11\/CIMG2600-1024x768.jpg\" alt=\"Sprachtherapie Erwachsene\" class=\"wp-image-1058 size-full\" srcset=\"https:\/\/logopaedie-am-sonnenhang.de\/wp-content\/uploads\/2021\/11\/CIMG2600-1024x768.jpg 1024w, https:\/\/logopaedie-am-sonnenhang.de\/wp-content\/uploads\/2021\/11\/CIMG2600-300x225.jpg 300w, https:\/\/logopaedie-am-sonnenhang.de\/wp-content\/uploads\/2021\/11\/CIMG2600-768x576.jpg 768w, https:\/\/logopaedie-am-sonnenhang.de\/wp-content\/uploads\/2021\/11\/CIMG2600-1536x1152.jpg 1536w, https:\/\/logopaedie-am-sonnenhang.de\/wp-content\/uploads\/2021\/11\/CIMG2600-2048x1536.jpg 2048w\" sizes=\"auto, (max-width: 1024px) 100vw, 1024px\" \/><\/figure><div class=\"wp-block-media-text__content\">\n<p class=\"has-black-color has-text-color\" id=\"Aphasie\">Die Therapie bei Erwachsenen umfasst z.B.<\/p>\n\n\n\n<ul class=\"wp-block-list\"><li><a href=\"#Aphasie\" data-type=\"internal\" data-id=\"#Aphasie\">Aphasie<\/a><\/li><\/ul>\n\n\n\n<ul class=\"wp-block-list\"><li><a href=\"#Dyspraxie\" data-type=\"internal\" data-id=\"#Dyspraxie\">Dyspraxie<\/a><\/li><\/ul>\n\n\n\n<ul class=\"wp-block-list\"><li><a href=\"#Dysarthrie\" data-type=\"internal\" data-id=\"#Dysarthrie\">Dysarthrie<\/a><\/li><\/ul>\n\n\n\n<ul class=\"wp-block-list\"><li><a href=\"#Dysphonie\" data-type=\"internal\" data-id=\"#Dysphonie\">Stimmst\u00f6rung\/ Dysphonie<\/a><\/li><\/ul>\n\n\n\n<ul class=\"wp-block-list\"><li><a href=\"#Dysphagie\" data-type=\"internal\" data-id=\"#Dysphagie\">Dysphagie<\/a><\/li><\/ul>\n\n\n\n<ul class=\"wp-block-list\"><li><a href=\"#Redeflussst\u00f6rungen\" data-type=\"internal\" data-id=\"#Redeflussst\u00f6rungen\">Redeflussst\u00f6rungen (Stottern, Poltern)<\/a><\/li><\/ul>\n\n\n\n<ul class=\"wp-block-list\"><li><a href=\"#H\u00f6rst\u00f6rung\" data-type=\"internal\" data-id=\"#H\u00f6rst\u00f6rung\">H\u00f6rst\u00f6rung (Cochlea Implantat)<\/a><\/li><\/ul>\n\n\n\n<ul class=\"wp-block-list\"><li>L<a href=\"#Long Covid\" data-type=\"internal\" data-id=\"#Long Covid\">ong Covid<\/a><\/li><\/ul>\n<\/div><\/div>\n\n\n\n<h2 class=\"has-black-color has-text-color has-medium-font-size wp-block-heading\" id=\"Aphasie-Anker\">Aphasie<\/h2>\n\n\n\n<p class=\"has-text-align-left\">Eine Aphasie umschreibt eine St\u00f6rung der Sprache, die durch eine Sch\u00e4digung des zentralen Nervensystems entsteht. Die h\u00e4ufigsten Ursachen f\u00fcr eine Aphasie sind somit Schlaganf\u00e4lle, Sch\u00e4del-Hirn-Traumata, Hirntumoren, entz\u00fcndliche oder degenerative Erkrankungen des Gehirns sowie Anfallsleiden.<\/p>\n\n\n\n<p id=\"block-4dbc0a9f-715e-4078-9d57-65c6c3db8eef\">Die Aphasie kann in unterschiedlichen Schweregraden auftreten und wird unterteilt in Amnestische Aphasie, Wernicke Aphasie, Broca Aphasie, Globale Aphasie und Leitungsaphasien. Die Betroffenen Personen zeigen Auff\u00e4lligkeiten in der Sprachproduktion, im Sprachverst\u00e4ndnis und in der Wortfindung, es k\u00f6nnen auch Wortwiederholungen, Umschreibungen und Floskeln auftreten.<\/p>\n\n\n\n<div style=\"height:100px\" aria-hidden=\"true\" class=\"wp-block-spacer\"><\/div>\n\n\n\n<h2 class=\"Dyspraxie has-black-color has-text-color has-medium-font-size wp-block-heading\" id=\"Dyspraxie\">Dyspraxie<\/h2>\n\n\n\n<p>Die Dyspraxie oder Apraxie zeigt eine St\u00f6rung von Sprechbewegungen. Die motorischen F\u00e4higkeiten der Sprechmuskulatur und die nicht sprachlichen Bewegungen der Mundmuskulatur, sind dabei nicht betroffen, es handelt sich um einen gest\u00f6rten Zugriff auf das sprechmotorische Programm im Hirn. Diese St\u00f6rung tritt h\u00e4ufig in Verbindung mit einer aphasischen oder dysarthrischen St\u00f6rung auf.<\/p>\n\n\n\n<p id=\"block-091da7b2-78cc-42fc-a4de-98be67502441\">Die Apraxie kann auf drei Ebenen auftreten:<\/p>\n\n\n\n<p id=\"block-93fbc29b-3b13-47da-9fee-7a553f37bd47\">1) segmental: dies bedeutet, einzelne Sprachlaute k\u00f6nnen nicht produziert werden<\/p>\n\n\n\n<p id=\"block-65b91a2b-826e-44ae-b294-c9cde7e90f9e\">2) suprasegmental: der Redefluss, die Akzentuierung und Intonation sind ver\u00e4ndert.<\/p>\n\n\n\n<p id=\"block-60809277-905a-4a84-a960-ed144cf175f3\">3) Ebene des Sprechverhaltens<\/p>\n\n\n\n<div style=\"height:100px\" aria-hidden=\"true\" class=\"wp-block-spacer\"><\/div>\n\n\n\n<h2 class=\"Dysarthrie has-black-color has-text-color has-medium-font-size wp-block-heading\" id=\"Dysarthrie\">Dysarthrie<\/h2>\n\n\n\n<p>Die Dysarthrie beschreibt mehrere unterschiedliche Auff\u00e4lligkeiten des Sprechens, die durch diverse Erkrankungen wie z.B. Morbus Parkinson, Multiple Sklerose, Sch\u00e4del-Hirn-Traumen, Amyotrophe Lateralsklerose und degenerative Kleinhirnerkrankungen entstehen.<\/p>\n\n\n\n<p id=\"block-a6b2a338-291a-46e1-b727-cc71db149ff4\">Zu den dysarthrischen St\u00f6rungen z\u00e4hlen erworbene Auff\u00e4lligkeiten in der Sprechatmung, der Sprechstimme, der Artikulation und Nasalit\u00e4t, sowie der Prosodie und des Redeflusses. Einer Dysarthrie liegen Bewegungsst\u00f6rungen wie schlaffe oder spastische Paresen, Tremor und viele weitere zugrunde.<\/p>\n\n\n\n<div style=\"height:100px\" aria-hidden=\"true\" class=\"wp-block-spacer\"><\/div>\n\n\n\n<h2 class=\"has-black-color has-text-color has-medium-font-size wp-block-heading\" id=\"Dysphonie\">Dysphonie<\/h2>\n\n\n\n<p>Die Dysphonie stellt eine Einschr\u00e4nkung der Leistungsf\u00e4higkeit und Belastbarkeit der Stimme dar, so zeigen sich u.a. Heiserkeit, ver\u00e4nderte Lautst\u00e4rke und Schmerzen im Kehlkopfbereich. Sie entsteht meist durch eine \u00dcberanstrengung der Stimme oder Infekten der Atemwege, auch operative Eingriffe oder Tumoren, sowie Psychische Belastung und Stress k\u00f6nnen zu einer Stimmst\u00f6rung f\u00fchren. Auch die Mutationsstimme oder eine gastro\u00f6sophageale Refluxerkrankung k\u00f6nnen die Stimme nachteilig beeinflussen.<\/p>\n\n\n\n<div style=\"height:100px\" aria-hidden=\"true\" class=\"wp-block-spacer\"><\/div>\n\n\n\n<h2 class=\"Dysphagie has-black-color has-text-color has-medium-font-size wp-block-heading\" id=\"Dysphagie\">Dysphagie<\/h2>\n\n\n\n<p>Eine Schluckst\u00f6rung oder auch Dysphagie bezeichnet eine Beeintr\u00e4chtigung des Schluckablaufs oder des Schluckapparats. Diese St\u00f6rung des Schluckens tritt h\u00e4ufig bei degenerativen Erkrankungen wie Morbus Parkinson, Amyothrophe Lateralsklerose, Multiple Sklerose oder Demenz auf. Die Dysphagie kann aber auch psychogen sein oder durch eine Sch\u00e4digung des Zentralen Nervensystems entstehen. Des Weiteren kann eine Tumorerkrankung oder eine operative Ver\u00e4nderung im Mund- oder Halsbereich zu Schluckbeschwerden f\u00fchren.<\/p>\n\n\n\n<div style=\"height:100px\" aria-hidden=\"true\" class=\"wp-block-spacer\"><\/div>\n\n\n\n<h2 class=\"Redeflussst\u00f6rungen has-black-color has-text-color has-medium-font-size wp-block-heading\" id=\"Redeflussst\u00f6rungen\">Redeflussst\u00f6rungen<\/h2>\n\n\n\n<p>Die Redeflussst\u00f6rungen umfassen Auff\u00e4lligkeiten des Sprechflusses. Beim Stottern treten zum Beispiel Wiederholungen, Dehnungen oder Blockierungen einzelner W\u00f6rter oder Laute auf, auch auf der nicht sprachlichen Ebenen kann man Ver\u00e4nderungen feststellen. Betroffene versuchen schwierige Worte zu vermeiden, zeigen Mitbewegungen im Gesicht oder der Extremit\u00e4ten oder ver\u00e4ndern die Sprechgeschwindigkeit. Im Bereich des Polterns werden h\u00e4ufig Laute oder Worte ausgelassen oder &#8222;verschluckt&#8220;, die Mundbewegungen beim Sprechen sind reduziert und die Sprechmelodie klingt eher monoton.<\/p>\n\n\n\n<div style=\"height:100px\" aria-hidden=\"true\" class=\"wp-block-spacer\"><\/div>\n\n\n\n<h2 class=\"H\u00f6rst\u00f6rung has-black-color has-text-color has-medium-font-size wp-block-heading\" id=\"H\u00f6rst\u00f6rung\">H\u00f6rst\u00f6rung (Cochlea Implantat)<\/h2>\n\n\n\n<p>Bei ertaubten Kindern oder Erwachsenen, sowie bei hochgradig h\u00f6rbeeintr\u00e4chtigt geborenen Kindern ist das Cochlea-Implantat indiziert. Diese Art des H\u00f6rens muss vor allem bei Implantation im Erwachsenenalter hochfrequent und kleinschrittig trainiert werden. Jugendliche CI-Tr\u00e4ger ben\u00f6tigen oftmals Anpassungen und technische Hilfen im Schulalltag, welche auch die Lehrkr\u00e4fte oftmals vor unbekannte Herausforderungen stellt.<\/p>\n\n\n\n<div style=\"height:100px\" aria-hidden=\"true\" class=\"wp-block-spacer\"><\/div>\n\n\n\n<div class=\"wp-block-media-text alignwide has-media-on-the-right is-stacked-on-mobile\"><figure class=\"wp-block-media-text__media\"><img loading=\"lazy\" decoding=\"async\" width=\"768\" height=\"1024\" src=\"https:\/\/logopaedie-am-sonnenhang.de\/wp-content\/uploads\/2021\/11\/CIMG2653-768x1024.jpg\" alt=\"\" class=\"wp-image-1090 size-full\" srcset=\"https:\/\/logopaedie-am-sonnenhang.de\/wp-content\/uploads\/2021\/11\/CIMG2653-768x1024.jpg 768w, https:\/\/logopaedie-am-sonnenhang.de\/wp-content\/uploads\/2021\/11\/CIMG2653-225x300.jpg 225w, https:\/\/logopaedie-am-sonnenhang.de\/wp-content\/uploads\/2021\/11\/CIMG2653-1152x1536.jpg 1152w, https:\/\/logopaedie-am-sonnenhang.de\/wp-content\/uploads\/2021\/11\/CIMG2653-1536x2048.jpg 1536w, https:\/\/logopaedie-am-sonnenhang.de\/wp-content\/uploads\/2021\/11\/CIMG2653-scaled.jpg 1920w\" sizes=\"auto, (max-width: 768px) 100vw, 768px\" \/><\/figure><div class=\"wp-block-media-text__content\">\n<p class=\"Long Covid has-black-color has-text-color has-medium-font-size\" id=\"Long-Covid\"><a href=\"#Long Covid\/ Post Covid\" data-type=\"internal\" data-id=\"#Long Covid\/ Post Covid\">Long Covid\/ Post Covid<\/a><\/p>\n\n\n\n<p>Long Covid oder Post Covid sind Erkrankungen der Atmung, der Stimme, des Geschmackssinns, die sich auf eine Covid19 Erkrankung zur\u00fcckf\u00fchren lassen. Weiter k\u00f6nnen Probleme der Konzentration, der Wortfindung, der Stimmgebung und vieles mehr entstehen. <\/p>\n<\/div><\/div>\n","protected":false},"excerpt":{"rendered":"<p>Die Therapie bei Erwachsenen umfasst z.B. Aphasie Dyspraxie Dysarthrie Stimmst\u00f6rung\/ Dysphonie Dysphagie Redeflussst\u00f6rungen (Stottern, Poltern) H\u00f6rst\u00f6rung (Cochlea Implantat) Long Covid Aphasie Eine Aphasie umschreibt eine St\u00f6rung der Sprache, die durch eine Sch\u00e4digung des zentralen Nervensystems entsteht. Die h\u00e4ufigsten Ursachen f\u00fcr<\/p>\n","protected":false},"author":1,"featured_media":0,"parent":0,"menu_order":0,"comment_status":"closed","ping_status":"closed","template":"","meta":{"footnotes":""},"class_list":["post-723","page","type-page","status-publish","hentry"],"_links":{"self":[{"href":"https:\/\/logopaedie-am-sonnenhang.de\/index.php?rest_route=\/wp\/v2\/pages\/723","targetHints":{"allow":["GET"]}}],"collection":[{"href":"https:\/\/logopaedie-am-sonnenhang.de\/index.php?rest_route=\/wp\/v2\/pages"}],"about":[{"href":"https:\/\/logopaedie-am-sonnenhang.de\/index.php?rest_route=\/wp\/v2\/types\/page"}],"author":[{"embeddable":true,"href":"https:\/\/logopaedie-am-sonnenhang.de\/index.php?rest_route=\/wp\/v2\/users\/1"}],"replies":[{"embeddable":true,"href":"https:\/\/logopaedie-am-sonnenhang.de\/index.php?rest_route=%2Fwp%2Fv2%2Fcomments&post=723"}],"version-history":[{"count":60,"href":"https:\/\/logopaedie-am-sonnenhang.de\/index.php?rest_route=\/wp\/v2\/pages\/723\/revisions"}],"predecessor-version":[{"id":1091,"href":"https:\/\/logopaedie-am-sonnenhang.de\/index.php?rest_route=\/wp\/v2\/pages\/723\/revisions\/1091"}],"wp:attachment":[{"href":"https:\/\/logopaedie-am-sonnenhang.de\/index.php?rest_route=%2Fwp%2Fv2%2Fmedia&parent=723"}],"curies":[{"name":"wp","href":"https:\/\/api.w.org\/{rel}","templated":true}]}}