{"id":41,"date":"2020-06-18T08:26:29","date_gmt":"2020-06-18T08:26:29","guid":{"rendered":"http:\/\/logopaedie-am-sonnenhang.de\/?page_id=41"},"modified":"2021-11-02T11:17:52","modified_gmt":"2021-11-02T11:17:52","slug":"colibri-wp","status":"publish","type":"page","link":"https:\/\/logopaedie-am-sonnenhang.de\/","title":{"rendered":"Logop\u00e4die am Sonnenhang"},"content":{"rendered":"\n<h2 class=\"has-black-color has-text-color wp-block-heading\">Herzlich Willkommen<\/h2>\n\n\n\n<p>in der Praxis f\u00fcr Logop\u00e4die in Th\u00fcngen! <\/p>\n\n\n\n<p>Sch\u00f6n, dass Sie hier sind. Auf der Website finden Sie alles Wissenswerte \u00fcber meine logop\u00e4dische Praxis, die Behandlungsm\u00f6glichkeiten und wie Sie mich finden. Sollten Sie Fragen haben, nehmen Sie bitte Kontakt zu mir auf.<\/p>\n\n\n\n<p>Mein wichtigstes Ziel ist es, Ihnen schnell und kompetent zu helfen \u2013 in einer freundlichen, modernen und angenehmen Umgebung. Ich m\u00f6chte, dass Sie sich bei mir wohl und gut aufgehoben f\u00fchlen und passe alle Therapien individuell an Ihre F\u00e4higkeit und Bed\u00fcrfnisse an.<\/p>\n\n\n\n<div style=\"height:100px\" aria-hidden=\"true\" class=\"wp-block-spacer\"><\/div>\n\n\n\n<div class=\"wp-block-group\"><div class=\"wp-block-group__inner-container is-layout-flow wp-block-group-is-layout-flow\">\n<figure class=\"wp-block-gallery columns-2 wp-block-gallery-1 is-layout-flex wp-block-gallery-is-layout-flex\"><ul class=\"blocks-gallery-grid\"><li class=\"blocks-gallery-item\"><figure><img loading=\"lazy\" decoding=\"async\" width=\"1024\" height=\"768\" src=\"https:\/\/logopaedie-am-sonnenhang.de\/wp-content\/uploads\/2021\/11\/CIMG2627-1024x768.jpg\" alt=\"\" data-id=\"1067\" data-link=\"https:\/\/logopaedie-am-sonnenhang.de\/?attachment_id=1067\" class=\"wp-image-1067\" srcset=\"https:\/\/logopaedie-am-sonnenhang.de\/wp-content\/uploads\/2021\/11\/CIMG2627-1024x768.jpg 1024w, https:\/\/logopaedie-am-sonnenhang.de\/wp-content\/uploads\/2021\/11\/CIMG2627-300x225.jpg 300w, https:\/\/logopaedie-am-sonnenhang.de\/wp-content\/uploads\/2021\/11\/CIMG2627-768x576.jpg 768w, https:\/\/logopaedie-am-sonnenhang.de\/wp-content\/uploads\/2021\/11\/CIMG2627-1536x1152.jpg 1536w, https:\/\/logopaedie-am-sonnenhang.de\/wp-content\/uploads\/2021\/11\/CIMG2627-2048x1536.jpg 2048w\" sizes=\"auto, (max-width: 1024px) 100vw, 1024px\" \/><figcaption class=\"blocks-gallery-item__caption\">Kindersprachtherapie<\/figcaption><\/figure><\/li><li class=\"blocks-gallery-item\"><figure><img loading=\"lazy\" decoding=\"async\" width=\"1024\" height=\"768\" src=\"https:\/\/logopaedie-am-sonnenhang.de\/wp-content\/uploads\/2021\/11\/CIMG2599-1024x768.jpg\" alt=\"\" data-id=\"1063\" data-link=\"https:\/\/logopaedie-am-sonnenhang.de\/?attachment_id=1063\" class=\"wp-image-1063\" srcset=\"https:\/\/logopaedie-am-sonnenhang.de\/wp-content\/uploads\/2021\/11\/CIMG2599-1024x768.jpg 1024w, https:\/\/logopaedie-am-sonnenhang.de\/wp-content\/uploads\/2021\/11\/CIMG2599-300x225.jpg 300w, https:\/\/logopaedie-am-sonnenhang.de\/wp-content\/uploads\/2021\/11\/CIMG2599-768x576.jpg 768w, https:\/\/logopaedie-am-sonnenhang.de\/wp-content\/uploads\/2021\/11\/CIMG2599-1536x1152.jpg 1536w, https:\/\/logopaedie-am-sonnenhang.de\/wp-content\/uploads\/2021\/11\/CIMG2599-2048x1536.jpg 2048w\" sizes=\"auto, (max-width: 1024px) 100vw, 1024px\" \/><figcaption class=\"blocks-gallery-item__caption\">moderne Therapier\u00e4ume<\/figcaption><\/figure><\/li><\/ul><\/figure>\n<\/div><\/div>\n\n\n","protected":false},"excerpt":{"rendered":"<p>Herzlich Willkommen in der Praxis f\u00fcr Logop\u00e4die in Th\u00fcngen! Sch\u00f6n, dass Sie hier sind. Auf der Website finden Sie alles Wissenswerte \u00fcber meine logop\u00e4dische Praxis, die Behandlungsm\u00f6glichkeiten und wie Sie mich finden. Sollten Sie Fragen haben, nehmen Sie bitte Kontakt<\/p>\n","protected":false},"author":1,"featured_media":0,"parent":0,"menu_order":0,"comment_status":"closed","ping_status":"closed","template":"","meta":{"footnotes":""},"class_list":["post-41","page","type-page","status-publish","hentry"],"_links":{"self":[{"href":"https:\/\/logopaedie-am-sonnenhang.de\/index.php?rest_route=\/wp\/v2\/pages\/41","targetHints":{"allow":["GET"]}}],"collection":[{"href":"https:\/\/logopaedie-am-sonnenhang.de\/index.php?rest_route=\/wp\/v2\/pages"}],"about":[{"href":"https:\/\/logopaedie-am-sonnenhang.de\/index.php?rest_route=\/wp\/v2\/types\/page"}],"author":[{"embeddable":true,"href":"https:\/\/logopaedie-am-sonnenhang.de\/index.php?rest_route=\/wp\/v2\/users\/1"}],"replies":[{"embeddable":true,"href":"https:\/\/logopaedie-am-sonnenhang.de\/index.php?rest_route=%2Fwp%2Fv2%2Fcomments&post=41"}],"version-history":[{"count":38,"href":"https:\/\/logopaedie-am-sonnenhang.de\/index.php?rest_route=\/wp\/v2\/pages\/41\/revisions"}],"predecessor-version":[{"id":1074,"href":"https:\/\/logopaedie-am-sonnenhang.de\/index.php?rest_route=\/wp\/v2\/pages\/41\/revisions\/1074"}],"wp:attachment":[{"href":"https:\/\/logopaedie-am-sonnenhang.de\/index.php?rest_route=%2Fwp%2Fv2%2Fmedia&parent=41"}],"curies":[{"name":"wp","href":"https:\/\/api.w.org\/{rel}","templated":true}]}}